{"id":7082,"date":"2020-12-02T14:30:55","date_gmt":"2020-12-02T12:30:55","guid":{"rendered":"https:\/\/lluisbarniol.com\/?page_id=7082"},"modified":"2021-03-22T14:18:17","modified_gmt":"2021-03-22T12:18:17","slug":"contacto","status":"publish","type":"page","link":"https:\/\/lluisbarniol.com\/es\/contacto\/","title":{"rendered":"Contacto"},"content":{"rendered":"<p>[vc_row equal_height=\u00bbyes\u00bb content_placement=\u00bbmiddle\u00bb row_content_width=\u00bbgrid\u00bb css=\u00bb.vc_custom_1543223708125{padding-top: 53px !important;padding-bottom: 103px !important;}\u00bb][vc_column offset=\u00bbvc_col-lg-offset-0 vc_col-lg-6 vc_col-md-12&#8243; css=\u00bb.vc_custom_1543223670112{padding-top: 15px !important;padding-bottom: 30px !important;}\u00bb][vc_row_inner][vc_column_inner offset=\u00bbvc_col-lg-11&#8243;]<div class=\"eltdf-section-title-holder  eltdf-st-standard  \" style=\"text-align: left\">\n\t<div class=\"eltdf-st-inner\">\n        <div class=\"eltdf-st-image\" style=\"margin-bottom: 0px\">\n                    <\/div>\n\t\t\t\t\t<h2 class=\"eltdf-st-title\" >\n\t\t\t\t<span class=\"eltdf-st-title-word\">CU\u00c9NTANOS<\/span> <span class=\"eltdf-st-title-word\">TU<\/span> <span class=\"eltdf-st-title-word\">SUE\u00d1O...<\/span>\t\t\t<\/h2>\n\t\t\t\t\t\t\t<span class=\"eltdf-st-text\" style=\"margin-top: 14px\">\n\t\t\t\tOs ayudaremos aportando ideas y soluciones. Resolveremos cualquier pregunta que teng\u00e1is.\t\t\t<\/span>\n\t\t\t<\/div>\n<\/div>[\/vc_column_inner][\/vc_row_inner][vc_empty_space height=\u00bb14px\u00bb][\/vc_column][vc_column offset=\u00bbvc_col-lg-offset-0 vc_col-lg-6 vc_col-md-12&#8243; css=\u00bb.vc_custom_1540908590043{padding-top: 30px !important;padding-bottom: 30px !important;}\u00bb]\n<div class=\"wpcf7 no-js\" id=\"wpcf7-f8705-o1\" lang=\"en-US\" dir=\"ltr\" data-wpcf7-id=\"8705\">\n<div class=\"screen-reader-response\"><p role=\"status\" aria-live=\"polite\" aria-atomic=\"true\"><\/p> <ul><\/ul><\/div>\n<form action=\"\/es\/wp-json\/wp\/v2\/pages\/7082#wpcf7-f8705-o1\" method=\"post\" class=\"wpcf7-form init cf7_custom_style_2\" aria-label=\"Contact form\" novalidate=\"novalidate\" data-status=\"init\">\n<div style=\"display: none;\">\n<input type=\"hidden\" name=\"_wpcf7\" value=\"8705\" \/>\n<input type=\"hidden\" name=\"_wpcf7_version\" value=\"6.0.2\" \/>\n<input type=\"hidden\" name=\"_wpcf7_locale\" value=\"en_US\" \/>\n<input type=\"hidden\" name=\"_wpcf7_unit_tag\" value=\"wpcf7-f8705-o1\" \/>\n<input type=\"hidden\" name=\"_wpcf7_container_post\" value=\"0\" \/>\n<input type=\"hidden\" name=\"_wpcf7_posted_data_hash\" value=\"\" \/>\n<input type=\"hidden\" name=\"_wpcf7_recaptcha_response\" value=\"\" \/>\n<\/div>\n<div class=\"custom-contact-form\">\n\t<p><span class=\"wpcf7-form-control-wrap\" data-name=\"your-name\"><input size=\"40\" maxlength=\"400\" class=\"wpcf7-form-control wpcf7-text wpcf7-validates-as-required\" aria-required=\"true\" aria-invalid=\"false\" placeholder=\"Como os llam\u00e1is*\" value=\"\" type=\"text\" name=\"your-name\" \/><\/span><br \/>\n<span class=\"wpcf7-form-control-wrap\" data-name=\"your-email\"><input size=\"40\" maxlength=\"400\" class=\"wpcf7-form-control wpcf7-email wpcf7-validates-as-required wpcf7-text wpcf7-validates-as-email\" aria-required=\"true\" aria-invalid=\"false\" placeholder=\"e-mail*\" value=\"\" type=\"email\" name=\"your-email\" \/><\/span><br \/>\n<span class=\"wpcf7-form-control-wrap\" data-name=\"your-message\"><textarea cols=\"40\" rows=\"3\" maxlength=\"2000\" class=\"wpcf7-form-control wpcf7-textarea\" aria-invalid=\"false\" placeholder=\"Contadnos vuestro sue\u00f1o\" name=\"your-message\"><\/textarea><\/span><button class=\"wpcf7-form-control wpcf7-submit eltdf-btn eltdf-btn-medium eltdf-btn-solid\" type=\"submit\"><span class=\"eltdf-btn-text\">Enviar<\/span><span class=\"eltdf-btn-line eltdf-btn-line-top\"><\/span><span class=\"eltdf-btn-line eltdf-btn-line-right\"><\/span><span class=\"eltdf-btn-line eltdf-btn-line-bottom\"><\/span><span class=\"eltdf-btn-line eltdf-btn-line-left\"><\/span><\/button>\n\t<\/p>\n<\/div><div class=\"wpcf7-response-output\" aria-hidden=\"true\"><\/div>\n<\/form>\n<\/div>\n[vc_empty_space height=\u00bb14px\u00bb][\/vc_column][\/vc_row][vc_row row_content_width=\u00bbgrid\u00bb css=\u00bb.vc_custom_1541777012189{padding-bottom: 65px !important;}\u00bb][vc_column]<div class=\"eltdf-section-title-holder  eltdf-st-standard eltdf-st-with-dots \" >\n\t<div class=\"eltdf-st-inner\">\n        <div class=\"eltdf-st-image\" style=\"margin-bottom: -17px\">\n            <img loading=\"lazy\" decoding=\"async\" width=\"110\" height=\"76\" src=\"https:\/\/lluisbarniol.com\/wp-content\/uploads\/2018\/10\/section-title-img-6.png\" class=\"attachment-full size-full\" alt=\"a\" \/>        <\/div>\n\t\t\t\t\t<h2 class=\"eltdf-st-title\" >\n\t\t\t\t<span class=\"eltdf-st-title-word\">\u00bfQUIERES<\/span> <span class=\"eltdf-st-title-word\">QUE<\/span> <span class=\"eltdf-st-title-word\">SEAMOS<\/span> <span class=\"eltdf-st-title-word\">AMIGOS?<\/span>\t\t\t<\/h2>\n\t\t\t\t\t\t\t<span class=\"eltdf-st-text\" >\n\t\t\t\tInstagram &amp; Facebook\t\t\t<\/span>\n\t\t\t<\/div>\n<\/div>[\/vc_column][\/vc_row][vc_row row_content_width=\u00bbgrid\u00bb css=\u00bb.vc_custom_1541776877602{padding-bottom: 130px !important;}\u00bb][vc_column][\/vc_column][\/vc_row]<\/p>\n","protected":false},"excerpt":{"rendered":"<p>[vc_row equal_height=\u00bbyes\u00bb content_placement=\u00bbmiddle\u00bb row_content_width=\u00bbgrid\u00bb css=\u00bb.vc_custom_1543223708125{padding-top: 53px !important;padding-bottom: 103px !important;}\u00bb][vc_column offset=\u00bbvc_col-lg-offset-0 vc_col-lg-6 vc_col-md-12&#8243; css=\u00bb.vc_custom_1543223670112{padding-top: 15px !important;padding-bottom: 30px !important;}\u00bb][vc_row_inner][vc_column_inner offset=\u00bbvc_col-lg-11&#8243;][\/vc_column_inner][\/vc_row_inner][vc_empty_space height=\u00bb14px\u00bb][\/vc_column][vc_column offset=\u00bbvc_col-lg-offset-0 vc_col-lg-6 vc_col-md-12&#8243; css=\u00bb.vc_custom_1540908590043{padding-top: 30px !important;padding-bottom: 30px !important;}\u00bb][vc_empty_space height=\u00bb14px\u00bb][\/vc_column][\/vc_row][vc_row row_content_width=\u00bbgrid\u00bb css=\u00bb.vc_custom_1541777012189{padding-bottom: 65px !important;}\u00bb][vc_column][\/vc_column][\/vc_row][vc_row row_content_width=\u00bbgrid\u00bb css=\u00bb.vc_custom_1541776877602{padding-bottom: 130px !important;}\u00bb][vc_column][\/vc_column][\/vc_row]<\/p>\n","protected":false},"author":1,"featured_media":0,"parent":0,"menu_order":0,"comment_status":"closed","ping_status":"closed","template":"full-width.php","meta":{"footnotes":""},"class_list":["post-7082","page","type-page","status-publish","hentry"],"yoast_head":"<!-- This site is optimized with the Yoast SEO plugin v24.1 - https:\/\/yoast.com\/wordpress\/plugins\/seo\/ -->\n<title>Contacto - Lluis Barniol bodas y fot\u00f3grafo<\/title>\n<meta name=\"description\" content=\"CONTACTO, correo: lluis@parentesisgrup.com, tel\u00e9fono: 617 958 376, direccion: Pol. Ind. Can Ginyola, nau 13, Gironella, Bergued\u00e0, Catalunya.\" \/>\n<meta name=\"robots\" content=\"index, follow, max-snippet:-1, max-image-preview:large, max-video-preview:-1\" \/>\n<link rel=\"canonical\" href=\"https:\/\/lluisbarniol.com\/es\/contacto\/\" \/>\n<meta property=\"og:locale\" content=\"es_ES\" \/>\n<meta property=\"og:type\" content=\"article\" \/>\n<meta property=\"og:title\" content=\"Contacto - Lluis Barniol bodas y fot\u00f3grafo\" \/>\n<meta property=\"og:description\" content=\"CONTACTO, correo: lluis@parentesisgrup.com, tel\u00e9fono: 617 958 376, direccion: Pol. Ind. Can Ginyola, nau 13, Gironella, Bergued\u00e0, Catalunya.\" \/>\n<meta property=\"og:url\" content=\"https:\/\/lluisbarniol.com\/es\/contacto\/\" \/>\n<meta property=\"og:site_name\" content=\"Llu\u00eds Barniol\" \/>\n<meta property=\"article:modified_time\" content=\"2021-03-22T12:18:17+00:00\" \/>\n<meta name=\"twitter:card\" content=\"summary_large_image\" \/>\n<meta name=\"twitter:label1\" content=\"Tiempo de lectura\" \/>\n\t<meta name=\"twitter:data1\" content=\"1 minuto\" \/>\n<script type=\"application\/ld+json\" class=\"yoast-schema-graph\">{\"@context\":\"https:\/\/schema.org\",\"@graph\":[{\"@type\":\"WebPage\",\"@id\":\"https:\/\/lluisbarniol.com\/es\/contacto\/\",\"url\":\"https:\/\/lluisbarniol.com\/es\/contacto\/\",\"name\":\"Contacto - Lluis Barniol bodas y fot\u00f3grafo\",\"isPartOf\":{\"@id\":\"https:\/\/lluisbarniol.com\/es\/#website\"},\"datePublished\":\"2020-12-02T12:30:55+00:00\",\"dateModified\":\"2021-03-22T12:18:17+00:00\",\"description\":\"CONTACTO, correo: lluis@parentesisgrup.com, tel\u00e9fono: 617 958 376, direccion: Pol. Ind. Can Ginyola, nau 13, Gironella, Bergued\u00e0, Catalunya.\",\"breadcrumb\":{\"@id\":\"https:\/\/lluisbarniol.com\/es\/contacto\/#breadcrumb\"},\"inLanguage\":\"es\",\"potentialAction\":[{\"@type\":\"ReadAction\",\"target\":[\"https:\/\/lluisbarniol.com\/es\/contacto\/\"]}]},{\"@type\":\"BreadcrumbList\",\"@id\":\"https:\/\/lluisbarniol.com\/es\/contacto\/#breadcrumb\",\"itemListElement\":[{\"@type\":\"ListItem\",\"position\":1,\"name\":\"Inici\",\"item\":\"https:\/\/lluisbarniol.com\/es\/\"},{\"@type\":\"ListItem\",\"position\":2,\"name\":\"Contacto\"}]},{\"@type\":\"WebSite\",\"@id\":\"https:\/\/lluisbarniol.com\/es\/#website\",\"url\":\"https:\/\/lluisbarniol.com\/es\/\",\"name\":\"Llu\u00eds Barniol\",\"description\":\"Fotografia i Casaments\",\"potentialAction\":[{\"@type\":\"SearchAction\",\"target\":{\"@type\":\"EntryPoint\",\"urlTemplate\":\"https:\/\/lluisbarniol.com\/es\/?s={search_term_string}\"},\"query-input\":{\"@type\":\"PropertyValueSpecification\",\"valueRequired\":true,\"valueName\":\"search_term_string\"}}],\"inLanguage\":\"es\"}]}<\/script>\n<!-- \/ Yoast SEO plugin. -->","yoast_head_json":{"title":"Contacto - Lluis Barniol bodas y fot\u00f3grafo","description":"CONTACTO, correo: lluis@parentesisgrup.com, tel\u00e9fono: 617 958 376, direccion: Pol. Ind. Can Ginyola, nau 13, Gironella, Bergued\u00e0, Catalunya.","robots":{"index":"index","follow":"follow","max-snippet":"max-snippet:-1","max-image-preview":"max-image-preview:large","max-video-preview":"max-video-preview:-1"},"canonical":"https:\/\/lluisbarniol.com\/es\/contacto\/","og_locale":"es_ES","og_type":"article","og_title":"Contacto - Lluis Barniol bodas y fot\u00f3grafo","og_description":"CONTACTO, correo: lluis@parentesisgrup.com, tel\u00e9fono: 617 958 376, direccion: Pol. Ind. Can Ginyola, nau 13, Gironella, Bergued\u00e0, Catalunya.","og_url":"https:\/\/lluisbarniol.com\/es\/contacto\/","og_site_name":"Llu\u00eds Barniol","article_modified_time":"2021-03-22T12:18:17+00:00","twitter_card":"summary_large_image","twitter_misc":{"Tiempo de lectura":"1 minuto"},"schema":{"@context":"https:\/\/schema.org","@graph":[{"@type":"WebPage","@id":"https:\/\/lluisbarniol.com\/es\/contacto\/","url":"https:\/\/lluisbarniol.com\/es\/contacto\/","name":"Contacto - Lluis Barniol bodas y fot\u00f3grafo","isPartOf":{"@id":"https:\/\/lluisbarniol.com\/es\/#website"},"datePublished":"2020-12-02T12:30:55+00:00","dateModified":"2021-03-22T12:18:17+00:00","description":"CONTACTO, correo: lluis@parentesisgrup.com, tel\u00e9fono: 617 958 376, direccion: Pol. Ind. Can Ginyola, nau 13, Gironella, Bergued\u00e0, Catalunya.","breadcrumb":{"@id":"https:\/\/lluisbarniol.com\/es\/contacto\/#breadcrumb"},"inLanguage":"es","potentialAction":[{"@type":"ReadAction","target":["https:\/\/lluisbarniol.com\/es\/contacto\/"]}]},{"@type":"BreadcrumbList","@id":"https:\/\/lluisbarniol.com\/es\/contacto\/#breadcrumb","itemListElement":[{"@type":"ListItem","position":1,"name":"Inici","item":"https:\/\/lluisbarniol.com\/es\/"},{"@type":"ListItem","position":2,"name":"Contacto"}]},{"@type":"WebSite","@id":"https:\/\/lluisbarniol.com\/es\/#website","url":"https:\/\/lluisbarniol.com\/es\/","name":"Llu\u00eds Barniol","description":"Fotografia i Casaments","potentialAction":[{"@type":"SearchAction","target":{"@type":"EntryPoint","urlTemplate":"https:\/\/lluisbarniol.com\/es\/?s={search_term_string}"},"query-input":{"@type":"PropertyValueSpecification","valueRequired":true,"valueName":"search_term_string"}}],"inLanguage":"es"}]}},"_links":{"self":[{"href":"https:\/\/lluisbarniol.com\/es\/wp-json\/wp\/v2\/pages\/7082","targetHints":{"allow":["GET"]}}],"collection":[{"href":"https:\/\/lluisbarniol.com\/es\/wp-json\/wp\/v2\/pages"}],"about":[{"href":"https:\/\/lluisbarniol.com\/es\/wp-json\/wp\/v2\/types\/page"}],"author":[{"embeddable":true,"href":"https:\/\/lluisbarniol.com\/es\/wp-json\/wp\/v2\/users\/1"}],"replies":[{"embeddable":true,"href":"https:\/\/lluisbarniol.com\/es\/wp-json\/wp\/v2\/comments?post=7082"}],"version-history":[{"count":6,"href":"https:\/\/lluisbarniol.com\/es\/wp-json\/wp\/v2\/pages\/7082\/revisions"}],"predecessor-version":[{"id":8714,"href":"https:\/\/lluisbarniol.com\/es\/wp-json\/wp\/v2\/pages\/7082\/revisions\/8714"}],"wp:attachment":[{"href":"https:\/\/lluisbarniol.com\/es\/wp-json\/wp\/v2\/media?parent=7082"}],"curies":[{"name":"wp","href":"https:\/\/api.w.org\/{rel}","templated":true}]}}