{"id":7161,"date":"2020-06-05T20:33:30","date_gmt":"2020-06-05T18:33:30","guid":{"rendered":"https:\/\/lluisbarniol.com\/maquines-de-confeti-i-serpentines\/"},"modified":"2021-03-22T13:35:54","modified_gmt":"2021-03-22T11:35:54","slug":"maquines-de-confeti-i-serpentines","status":"publish","type":"page","link":"https:\/\/lluisbarniol.com\/es\/maquines-de-confeti-i-serpentines\/","title":{"rendered":"M\u00e1quinas de confeti y serpentinas"},"content":{"rendered":"<p>[vc_row content_placement=\u00bbmiddle\u00bb row_content_width=\u00bbgrid\u00bb disable_background_image=\u00bb\u00bb simple_background_image=\u00bb2167&#8243; css=\u00bb.vc_custom_1541516852003{padding-top: 104px !important;padding-bottom: 117px !important;}\u00bb][vc_column css=\u00bb.vc_custom_1599642595332{padding-right: 0px !important;}\u00bb offset=\u00bbvc_col-lg-5 vc_col-md-6&#8243;]<div class=\"eltdf-elements-holder   eltdf-one-column  eltdf-responsive-mode-768 \" ><div class=\"eltdf-eh-item    \"  data-item-class=\"eltdf-eh-custom-1963\" data-1025-1366=\"16px 0px 0px 0px\" data-769-1024=\"16px 0px 0px 0px\" data-681-768=\"16px 0px 0px 0px\" data-680=\"18px 0px 0px 0px\">\n\t<div class=\"eltdf-eh-item-inner\">\n\t\t<div class=\"eltdf-eh-item-content eltdf-eh-custom-1963\" style=\"padding: 16px 50px 0px 0px\">\n\t\t\t<div class=\"eltdf-section-title-holder  eltdf-st-standard eltdf-st-with-dots \" >\n\t<div class=\"eltdf-st-inner\">\n        <div class=\"eltdf-st-image\" style=\"margin-bottom: 0px\">\n                    <\/div>\n\t\t\t\t\t<h2 class=\"eltdf-st-title\" >\n\t\t\t\t<span class=\"eltdf-st-title-word\">DI<\/span> <span class=\"eltdf-st-title-word\">Ohhhhh<\/span> !!!!\t\t\t<\/h2>\n\t\t\t\t\t<\/div>\n<\/div>[vc_empty_space height=\u00bb14px\u00bb][vc_column_text]<\/p>\n<div class=\"page\" title=\"Page 13\">\n<div class=\"section\">\n<div class=\"layoutArea\">\n<div class=\"column\">\n<p>Ofrecemos el alquiler de ma\u0301quinas de confeti y serpentinas, asi\u0301 como la venta de Kabukis. Ideales para la salida de la ceremonia, sustituyendo o complementando el lanzamiento de arroz o pe\u0301talos.<\/p>\n<p>Ideal en momentos como la entrada al comedor, el momento del pastel o la inauguracio\u0301n del baile.<\/p>\n<p>Utilizamos confeti y serpentinas con papel biodegradable e igni\u0301fugo.<\/p>\n<p>Podemos personalizar el color y la forma (redondo o rectangular), siempre utilizamos confeti gigante, ya que no es molesto para las personas y es muy fa\u0301cil de limpiar.<\/p>\n<\/div>\n<\/div>\n<\/div>\n<\/div>\n<p>[\/vc_column_text][vc_empty_space height=\u00bb11px\u00bb]\t\t<\/div>\n\t<\/div>\n<\/div><\/div>[\/vc_column][vc_column offset=\u00bbvc_col-lg-7 vc_col-md-6&#8243; css=\u00bb.vc_custom_1541516426932{margin-right: -20% !important;}\u00bb]<div class=\"eltdf-elements-holder   eltdf-one-column  eltdf-responsive-mode-768 \" ><div class=\"eltdf-eh-item    \"  data-item-class=\"eltdf-eh-custom-9985\" data-1367-1600=\"12px 15% 12px 0px\" data-1025-1366=\"17px 5% 12px 0px\" data-769-1024=\"0px\" data-681-768=\"42px 100px 12px 0px\" data-680=\"42px 30px 14px 0px\">\n\t<div class=\"eltdf-eh-item-inner\">\n\t\t<div class=\"eltdf-eh-item-content eltdf-eh-custom-9985\" style=\"padding: 12px 0px 12px 20px\">\n\t\t\t<div class=\"eltdf-single-image-holder   \">\n    <div class=\"eltdf-si-inner\" >\n                                    <img loading=\"lazy\" decoding=\"async\" width=\"1200\" height=\"992\" src=\"https:\/\/lluisbarniol.com\/wp-content\/uploads\/2020\/06\/1.jpg\" class=\"attachment-full size-full\" alt=\"DISPARADORS DE CONFETI I SERPENTINES PER CASAMENTS FESTES I CELEBRACIONS 1\" srcset=\"https:\/\/lluisbarniol.com\/wp-content\/uploads\/2020\/06\/1.jpg 1200w, https:\/\/lluisbarniol.com\/wp-content\/uploads\/2020\/06\/1-300x248.jpg 300w, https:\/\/lluisbarniol.com\/wp-content\/uploads\/2020\/06\/1-1024x847.jpg 1024w, https:\/\/lluisbarniol.com\/wp-content\/uploads\/2020\/06\/1-768x635.jpg 768w, https:\/\/lluisbarniol.com\/wp-content\/uploads\/2020\/06\/1-600x496.jpg 600w\" sizes=\"auto, (max-width: 1200px) 100vw, 1200px\" \/>                        <\/div>\n<\/div>[vc_empty_space height=\u00bb11px\u00bb]<div class=\"eltdf-single-image-holder   \">\n    <div class=\"eltdf-si-inner\" >\n                                    <img loading=\"lazy\" decoding=\"async\" width=\"1200\" height=\"801\" src=\"https:\/\/lluisbarniol.com\/wp-content\/uploads\/2020\/09\/confeti-casaments.jpg\" class=\"attachment-full size-full\" alt=\"\" srcset=\"https:\/\/lluisbarniol.com\/wp-content\/uploads\/2020\/09\/confeti-casaments.jpg 1200w, https:\/\/lluisbarniol.com\/wp-content\/uploads\/2020\/09\/confeti-casaments-300x200.jpg 300w, https:\/\/lluisbarniol.com\/wp-content\/uploads\/2020\/09\/confeti-casaments-1024x684.jpg 1024w, https:\/\/lluisbarniol.com\/wp-content\/uploads\/2020\/09\/confeti-casaments-768x513.jpg 768w, https:\/\/lluisbarniol.com\/wp-content\/uploads\/2020\/09\/confeti-casaments-600x401.jpg 600w\" sizes=\"auto, (max-width: 1200px) 100vw, 1200px\" \/>                        <\/div>\n<\/div>[vc_empty_space height=\u00bb11px\u00bb][vc_video link=\u00bbhttps:\/\/www.youtube.com\/watch?v=BeKB3mHyppY\u00bb]\t\t<\/div>\n\t<\/div>\n<\/div><\/div>[\/vc_column][\/vc_row]<\/p>\n","protected":false},"excerpt":{"rendered":"<p>[vc_row content_placement=\u00bbmiddle\u00bb row_content_width=\u00bbgrid\u00bb disable_background_image=\u00bb\u00bb simple_background_image=\u00bb2167&#8243; css=\u00bb.vc_custom_1541516852003{padding-top: 104px !important;padding-bottom: 117px !important;}\u00bb][vc_column css=\u00bb.vc_custom_1599642595332{padding-right: 0px !important;}\u00bb offset=\u00bbvc_col-lg-5 vc_col-md-6&#8243;][\/vc_column][vc_column offset=\u00bbvc_col-lg-7 vc_col-md-6&#8243; css=\u00bb.vc_custom_1541516426932{margin-right: -20% !important;}\u00bb][\/vc_column][\/vc_row]<\/p>\n","protected":false},"author":1,"featured_media":0,"parent":0,"menu_order":0,"comment_status":"closed","ping_status":"closed","template":"full-width.php","meta":{"footnotes":""},"class_list":["post-7161","page","type-page","status-publish","hentry"],"yoast_head":"<!-- This site is optimized with the Yoast SEO plugin v24.1 - https:\/\/yoast.com\/wordpress\/plugins\/seo\/ -->\n<title>M\u00e1quinas de confeti serpentinas - Lluis Barniol<\/title>\n<meta name=\"description\" content=\"M\u00e1quinas de confeti y serpentinas para bodas. Lluis Barniol ofrece tambi\u00e9n el servicio de fotograf\u00eda y m\u00fasica para bodas\" \/>\n<meta name=\"robots\" content=\"index, follow, max-snippet:-1, max-image-preview:large, max-video-preview:-1\" \/>\n<link rel=\"canonical\" href=\"https:\/\/lluisbarniol.com\/es\/maquines-de-confeti-i-serpentines\/\" \/>\n<meta property=\"og:locale\" content=\"es_ES\" \/>\n<meta property=\"og:type\" content=\"article\" \/>\n<meta property=\"og:title\" content=\"M\u00e1quinas de confeti serpentinas - Lluis Barniol\" \/>\n<meta property=\"og:description\" content=\"M\u00e1quinas de confeti y serpentinas para bodas. Lluis Barniol ofrece tambi\u00e9n el servicio de fotograf\u00eda y m\u00fasica para bodas\" \/>\n<meta property=\"og:url\" content=\"https:\/\/lluisbarniol.com\/es\/maquines-de-confeti-i-serpentines\/\" \/>\n<meta property=\"og:site_name\" content=\"Llu\u00eds Barniol\" \/>\n<meta property=\"article:modified_time\" content=\"2021-03-22T11:35:54+00:00\" \/>\n<meta name=\"twitter:card\" content=\"summary_large_image\" \/>\n<meta name=\"twitter:label1\" content=\"Tiempo de lectura\" \/>\n\t<meta name=\"twitter:data1\" content=\"1 minuto\" \/>\n<script type=\"application\/ld+json\" class=\"yoast-schema-graph\">{\"@context\":\"https:\/\/schema.org\",\"@graph\":[{\"@type\":\"WebPage\",\"@id\":\"https:\/\/lluisbarniol.com\/es\/maquines-de-confeti-i-serpentines\/\",\"url\":\"https:\/\/lluisbarniol.com\/es\/maquines-de-confeti-i-serpentines\/\",\"name\":\"M\u00e1quinas de confeti serpentinas - Lluis Barniol\",\"isPartOf\":{\"@id\":\"https:\/\/lluisbarniol.com\/es\/#website\"},\"datePublished\":\"2020-06-05T18:33:30+00:00\",\"dateModified\":\"2021-03-22T11:35:54+00:00\",\"description\":\"M\u00e1quinas de confeti y serpentinas para bodas. Lluis Barniol ofrece tambi\u00e9n el servicio de fotograf\u00eda y m\u00fasica para bodas\",\"breadcrumb\":{\"@id\":\"https:\/\/lluisbarniol.com\/es\/maquines-de-confeti-i-serpentines\/#breadcrumb\"},\"inLanguage\":\"es\",\"potentialAction\":[{\"@type\":\"ReadAction\",\"target\":[\"https:\/\/lluisbarniol.com\/es\/maquines-de-confeti-i-serpentines\/\"]}]},{\"@type\":\"BreadcrumbList\",\"@id\":\"https:\/\/lluisbarniol.com\/es\/maquines-de-confeti-i-serpentines\/#breadcrumb\",\"itemListElement\":[{\"@type\":\"ListItem\",\"position\":1,\"name\":\"Inici\",\"item\":\"https:\/\/lluisbarniol.com\/es\/\"},{\"@type\":\"ListItem\",\"position\":2,\"name\":\"M\u00e1quinas de confeti y serpentinas\"}]},{\"@type\":\"WebSite\",\"@id\":\"https:\/\/lluisbarniol.com\/es\/#website\",\"url\":\"https:\/\/lluisbarniol.com\/es\/\",\"name\":\"Llu\u00eds Barniol\",\"description\":\"Fotografia i Casaments\",\"potentialAction\":[{\"@type\":\"SearchAction\",\"target\":{\"@type\":\"EntryPoint\",\"urlTemplate\":\"https:\/\/lluisbarniol.com\/es\/?s={search_term_string}\"},\"query-input\":{\"@type\":\"PropertyValueSpecification\",\"valueRequired\":true,\"valueName\":\"search_term_string\"}}],\"inLanguage\":\"es\"}]}<\/script>\n<!-- \/ Yoast SEO plugin. -->","yoast_head_json":{"title":"M\u00e1quinas de confeti serpentinas - Lluis Barniol","description":"M\u00e1quinas de confeti y serpentinas para bodas. Lluis Barniol ofrece tambi\u00e9n el servicio de fotograf\u00eda y m\u00fasica para bodas","robots":{"index":"index","follow":"follow","max-snippet":"max-snippet:-1","max-image-preview":"max-image-preview:large","max-video-preview":"max-video-preview:-1"},"canonical":"https:\/\/lluisbarniol.com\/es\/maquines-de-confeti-i-serpentines\/","og_locale":"es_ES","og_type":"article","og_title":"M\u00e1quinas de confeti serpentinas - Lluis Barniol","og_description":"M\u00e1quinas de confeti y serpentinas para bodas. Lluis Barniol ofrece tambi\u00e9n el servicio de fotograf\u00eda y m\u00fasica para bodas","og_url":"https:\/\/lluisbarniol.com\/es\/maquines-de-confeti-i-serpentines\/","og_site_name":"Llu\u00eds Barniol","article_modified_time":"2021-03-22T11:35:54+00:00","twitter_card":"summary_large_image","twitter_misc":{"Tiempo de lectura":"1 minuto"},"schema":{"@context":"https:\/\/schema.org","@graph":[{"@type":"WebPage","@id":"https:\/\/lluisbarniol.com\/es\/maquines-de-confeti-i-serpentines\/","url":"https:\/\/lluisbarniol.com\/es\/maquines-de-confeti-i-serpentines\/","name":"M\u00e1quinas de confeti serpentinas - Lluis Barniol","isPartOf":{"@id":"https:\/\/lluisbarniol.com\/es\/#website"},"datePublished":"2020-06-05T18:33:30+00:00","dateModified":"2021-03-22T11:35:54+00:00","description":"M\u00e1quinas de confeti y serpentinas para bodas. Lluis Barniol ofrece tambi\u00e9n el servicio de fotograf\u00eda y m\u00fasica para bodas","breadcrumb":{"@id":"https:\/\/lluisbarniol.com\/es\/maquines-de-confeti-i-serpentines\/#breadcrumb"},"inLanguage":"es","potentialAction":[{"@type":"ReadAction","target":["https:\/\/lluisbarniol.com\/es\/maquines-de-confeti-i-serpentines\/"]}]},{"@type":"BreadcrumbList","@id":"https:\/\/lluisbarniol.com\/es\/maquines-de-confeti-i-serpentines\/#breadcrumb","itemListElement":[{"@type":"ListItem","position":1,"name":"Inici","item":"https:\/\/lluisbarniol.com\/es\/"},{"@type":"ListItem","position":2,"name":"M\u00e1quinas de confeti y serpentinas"}]},{"@type":"WebSite","@id":"https:\/\/lluisbarniol.com\/es\/#website","url":"https:\/\/lluisbarniol.com\/es\/","name":"Llu\u00eds Barniol","description":"Fotografia i Casaments","potentialAction":[{"@type":"SearchAction","target":{"@type":"EntryPoint","urlTemplate":"https:\/\/lluisbarniol.com\/es\/?s={search_term_string}"},"query-input":{"@type":"PropertyValueSpecification","valueRequired":true,"valueName":"search_term_string"}}],"inLanguage":"es"}]}},"_links":{"self":[{"href":"https:\/\/lluisbarniol.com\/es\/wp-json\/wp\/v2\/pages\/7161","targetHints":{"allow":["GET"]}}],"collection":[{"href":"https:\/\/lluisbarniol.com\/es\/wp-json\/wp\/v2\/pages"}],"about":[{"href":"https:\/\/lluisbarniol.com\/es\/wp-json\/wp\/v2\/types\/page"}],"author":[{"embeddable":true,"href":"https:\/\/lluisbarniol.com\/es\/wp-json\/wp\/v2\/users\/1"}],"replies":[{"embeddable":true,"href":"https:\/\/lluisbarniol.com\/es\/wp-json\/wp\/v2\/comments?post=7161"}],"version-history":[{"count":4,"href":"https:\/\/lluisbarniol.com\/es\/wp-json\/wp\/v2\/pages\/7161\/revisions"}],"predecessor-version":[{"id":8702,"href":"https:\/\/lluisbarniol.com\/es\/wp-json\/wp\/v2\/pages\/7161\/revisions\/8702"}],"wp:attachment":[{"href":"https:\/\/lluisbarniol.com\/es\/wp-json\/wp\/v2\/media?parent=7161"}],"curies":[{"name":"wp","href":"https:\/\/api.w.org\/{rel}","templated":true}]}}